{"id":46201,"date":"2024-10-17T09:13:03","date_gmt":"2024-10-17T08:13:03","guid":{"rendered":"https:\/\/www.invictoaove.com\/?post_type=product&#038;p=46201"},"modified":"2025-02-11T13:03:33","modified_gmt":"2025-02-11T12:03:33","slug":"aove-monovarietal-con-estuche-500-ml","status":"publish","type":"product","link":"https:\/\/www.invictoaove.com\/en\/product\/aove-monovarietal-con-estuche-500-ml\/","title":{"rendered":"Single Varietal EVOO with Gift Box 500 ml"},"content":{"rendered":"<div class=\"et_pb_module et_pb_wc_description et_pb_wc_description_0_tb_body et_pb_bg_layout_light et_pb_text_align_left\">\n<div class=\"et_pb_module_inner\">\n<p><strong><u>Love for EVOO Turned into Art<\/u><\/strong><\/p>\n<p><strong><u>El packaging triangular creado para \u00a0INVICTO AOVE, destaca por su dise\u00f1o elegante y original. <\/u><\/strong><\/p>\n<p>Con tres caras bien diferenciadas, cada una tiene un prop\u00f3sito est\u00e9tico y comunicativo que refuerza las cualidades excepcionales de cada VARIEDAD.<\/p>\n<p>En la cara principal, se encuentra <strong><u>el nombre de la marca, INVICTO AOVE<\/u><\/strong>, con un dise\u00f1o que refuerza la exclusividad del producto. <strong><em>Esta presentaci\u00f3n frontal es impactante, clara y centrada en dar protagonismo a la marca y a su identidad.<\/em><\/strong><\/p>\n<p>La segunda cara, est\u00e1 decorada con un \u00a0bello estampado floral en el que se <strong><em>representan las flores asociadas a las distintas Variedades Monovarietales de la marca, como <u>FRANTOIO, ARBEQUINA, PICUAL Y PICUAL ECOLOGICO.<\/u> <\/em><\/strong>\u00a0Las flores est\u00e1n delicadamente dispuestas en un patr\u00f3n que celebra la diversidad, evocando los aromas y sabores \u00fanicos de cada Variedad.<\/p>\n<p>En la tercera cara, junto a la apertura del estuche, un texto po\u00e9tico\u00a0 describe como los colores y aromas de las flores evocan el horizonte de la Campi\u00f1a y la Ribera del R\u00edo Guadalquivir, creando una <strong><em>imagen sensorial que refuerza el v\u00ednculo entre el\u00a0 entorno natural y la calidad del AOVE.<\/em><\/strong><\/p>\n<p>Al\u00a0 abrir el estuche, el interior de un profundo color burdeos, a\u00f1ade un toque de sofisticaci\u00f3n para guardar <strong><em>las preciosas botellas de AOVE, que se convierten en el coraz\u00f3n del estuche<\/em><\/strong>, <strong><u>completando una experiencia visual que combina dise\u00f1o, historia y excelencia en cada detalle.<\/u><\/strong><\/p>\n<p>&nbsp;<\/p>\n<\/div>\n<\/div>","protected":false},"excerpt":{"rendered":"<p>El amor por el AOVE hecho ARTE El packaging triangular creado para \u00a0INVICTO AOVE, destaca por su dise\u00f1o elegante y original. Con tres caras bien diferenciadas, cada una tiene un prop\u00f3sito est\u00e9tico y comunicativo que refuerza las cualidades excepcionales de cada VARIEDAD. En la cara principal, se encuentra el nombre de la marca, INVICTO AOVE, [&hellip;]<\/p>\n","protected":false},"featured_media":46205,"comment_status":"open","ping_status":"closed","template":"","meta":{"_et_pb_use_builder":"","_et_pb_old_content":"","_et_gb_content_width":"","_joinchat":[]},"product_brand":[],"product_cat":[24],"product_tag":[],"class_list":{"0":"post-46201","1":"product","2":"type-product","3":"status-publish","4":"has-post-thumbnail","6":"product_cat-estuches-reagalo","8":"first","9":"instock","10":"taxable","11":"shipping-taxable","12":"purchasable","13":"product-type-variable"},"yoast_head":"<!-- This site is optimized with the Yoast SEO plugin v27.4 - https:\/\/yoast.com\/product\/yoast-seo-wordpress\/ -->\n<title>AOVE Monovarietal con estuche 500 ml - INVICTO AOVE<\/title>\n<meta name=\"robots\" content=\"index, follow, max-snippet:-1, max-image-preview:large, max-video-preview:-1\" \/>\n<link rel=\"canonical\" href=\"https:\/\/www.invictoaove.com\/en\/product\/aove-monovarietal-con-estuche-500-ml\/\" \/>\n<meta property=\"og:locale\" content=\"en_GB\" \/>\n<meta property=\"og:type\" content=\"article\" \/>\n<meta property=\"og:title\" content=\"AOVE Monovarietal con estuche 500 ml - INVICTO AOVE\" \/>\n<meta property=\"og:description\" content=\"El amor por el AOVE hecho ARTE El packaging triangular creado para \u00a0INVICTO AOVE, destaca por su dise\u00f1o elegante y original. Con tres caras bien diferenciadas, cada una tiene un prop\u00f3sito est\u00e9tico y comunicativo que refuerza las cualidades excepcionales de cada VARIEDAD. En la cara principal, se encuentra el nombre de la marca, INVICTO AOVE, [&hellip;]\" \/>\n<meta property=\"og:url\" content=\"https:\/\/www.invictoaove.com\/en\/product\/aove-monovarietal-con-estuche-500-ml\/\" \/>\n<meta property=\"og:site_name\" content=\"INVICTO AOVE\" \/>\n<meta property=\"article:publisher\" content=\"https:\/\/www.facebook.com\/profile.php?id=61552850260498\" \/>\n<meta property=\"article:modified_time\" content=\"2025-02-11T12:03:33+00:00\" \/>\n<meta property=\"og:image\" content=\"https:\/\/www.invictoaove.com\/wp-content\/uploads\/2024\/10\/invicto-picual.jpg\" \/>\n\t<meta property=\"og:image:width\" content=\"1200\" \/>\n\t<meta property=\"og:image:height\" content=\"1200\" \/>\n\t<meta property=\"og:image:type\" content=\"image\/jpeg\" \/>\n<meta name=\"twitter:card\" content=\"summary_large_image\" \/>\n<meta name=\"twitter:label1\" content=\"Estimated reading time\" \/>\n\t<meta name=\"twitter:data1\" content=\"2 minutes\" \/>\n<script type=\"application\/ld+json\" class=\"yoast-schema-graph\">{\"@context\":\"https:\\\/\\\/schema.org\",\"@graph\":[{\"@type\":\"WebPage\",\"@id\":\"https:\\\/\\\/www.invictoaove.com\\\/producto\\\/aove-monovarietal-con-estuche-500-ml\\\/\",\"url\":\"https:\\\/\\\/www.invictoaove.com\\\/producto\\\/aove-monovarietal-con-estuche-500-ml\\\/\",\"name\":\"AOVE Monovarietal con estuche 500 ml - INVICTO AOVE\",\"isPartOf\":{\"@id\":\"https:\\\/\\\/www.invictoaove.com\\\/#website\"},\"primaryImageOfPage\":{\"@id\":\"https:\\\/\\\/www.invictoaove.com\\\/producto\\\/aove-monovarietal-con-estuche-500-ml\\\/#primaryimage\"},\"image\":{\"@id\":\"https:\\\/\\\/www.invictoaove.com\\\/producto\\\/aove-monovarietal-con-estuche-500-ml\\\/#primaryimage\"},\"thumbnailUrl\":\"https:\\\/\\\/www.invictoaove.com\\\/wp-content\\\/uploads\\\/2024\\\/10\\\/invicto-picual.jpg\",\"datePublished\":\"2024-10-17T08:13:03+00:00\",\"dateModified\":\"2025-02-11T12:03:33+00:00\",\"breadcrumb\":{\"@id\":\"https:\\\/\\\/www.invictoaove.com\\\/producto\\\/aove-monovarietal-con-estuche-500-ml\\\/#breadcrumb\"},\"inLanguage\":\"en-GB\",\"potentialAction\":[{\"@type\":\"ReadAction\",\"target\":[\"https:\\\/\\\/www.invictoaove.com\\\/producto\\\/aove-monovarietal-con-estuche-500-ml\\\/\"]}]},{\"@type\":\"ImageObject\",\"inLanguage\":\"en-GB\",\"@id\":\"https:\\\/\\\/www.invictoaove.com\\\/producto\\\/aove-monovarietal-con-estuche-500-ml\\\/#primaryimage\",\"url\":\"https:\\\/\\\/www.invictoaove.com\\\/wp-content\\\/uploads\\\/2024\\\/10\\\/invicto-picual.jpg\",\"contentUrl\":\"https:\\\/\\\/www.invictoaove.com\\\/wp-content\\\/uploads\\\/2024\\\/10\\\/invicto-picual.jpg\",\"width\":1200,\"height\":1200},{\"@type\":\"BreadcrumbList\",\"@id\":\"https:\\\/\\\/www.invictoaove.com\\\/producto\\\/aove-monovarietal-con-estuche-500-ml\\\/#breadcrumb\",\"itemListElement\":[{\"@type\":\"ListItem\",\"position\":1,\"name\":\"Portada\",\"item\":\"https:\\\/\\\/www.invictoaove.com\\\/\"},{\"@type\":\"ListItem\",\"position\":2,\"name\":\"Tienda\",\"item\":\"https:\\\/\\\/www.invictoaove.com\\\/tienda\\\/\"},{\"@type\":\"ListItem\",\"position\":3,\"name\":\"AOVE Monovarietal con estuche 500 ml\"}]},{\"@type\":\"WebSite\",\"@id\":\"https:\\\/\\\/www.invictoaove.com\\\/#website\",\"url\":\"https:\\\/\\\/www.invictoaove.com\\\/\",\"name\":\"INVICTO AOVE\",\"description\":\"Aceite de Oliva Virgen Extra\",\"publisher\":{\"@id\":\"https:\\\/\\\/www.invictoaove.com\\\/#organization\"},\"potentialAction\":[{\"@type\":\"SearchAction\",\"target\":{\"@type\":\"EntryPoint\",\"urlTemplate\":\"https:\\\/\\\/www.invictoaove.com\\\/?s={search_term_string}\"},\"query-input\":{\"@type\":\"PropertyValueSpecification\",\"valueRequired\":true,\"valueName\":\"search_term_string\"}}],\"inLanguage\":\"en-GB\"},{\"@type\":\"Organization\",\"@id\":\"https:\\\/\\\/www.invictoaove.com\\\/#organization\",\"name\":\"INVICTO AOVE\",\"url\":\"https:\\\/\\\/www.invictoaove.com\\\/\",\"logo\":{\"@type\":\"ImageObject\",\"inLanguage\":\"en-GB\",\"@id\":\"https:\\\/\\\/www.invictoaove.com\\\/#\\\/schema\\\/logo\\\/image\\\/\",\"url\":\"https:\\\/\\\/www.invictoaove.com\\\/wp-content\\\/uploads\\\/2023\\\/10\\\/01_logo.png\",\"contentUrl\":\"https:\\\/\\\/www.invictoaove.com\\\/wp-content\\\/uploads\\\/2023\\\/10\\\/01_logo.png\",\"width\":456,\"height\":151,\"caption\":\"INVICTO AOVE\"},\"image\":{\"@id\":\"https:\\\/\\\/www.invictoaove.com\\\/#\\\/schema\\\/logo\\\/image\\\/\"},\"sameAs\":[\"https:\\\/\\\/www.facebook.com\\\/profile.php?id=61552850260498\"]}]}<\/script>\n<!-- \/ Yoast SEO plugin. -->","yoast_head_json":{"title":"AOVE Monovarietal con estuche 500 ml - INVICTO AOVE","robots":{"index":"index","follow":"follow","max-snippet":"max-snippet:-1","max-image-preview":"max-image-preview:large","max-video-preview":"max-video-preview:-1"},"canonical":"https:\/\/www.invictoaove.com\/en\/product\/aove-monovarietal-con-estuche-500-ml\/","og_locale":"en_GB","og_type":"article","og_title":"AOVE Monovarietal con estuche 500 ml - INVICTO AOVE","og_description":"El amor por el AOVE hecho ARTE El packaging triangular creado para \u00a0INVICTO AOVE, destaca por su dise\u00f1o elegante y original. Con tres caras bien diferenciadas, cada una tiene un prop\u00f3sito est\u00e9tico y comunicativo que refuerza las cualidades excepcionales de cada VARIEDAD. En la cara principal, se encuentra el nombre de la marca, INVICTO AOVE, [&hellip;]","og_url":"https:\/\/www.invictoaove.com\/en\/product\/aove-monovarietal-con-estuche-500-ml\/","og_site_name":"INVICTO AOVE","article_publisher":"https:\/\/www.facebook.com\/profile.php?id=61552850260498","article_modified_time":"2025-02-11T12:03:33+00:00","og_image":[{"width":1200,"height":1200,"url":"https:\/\/www.invictoaove.com\/wp-content\/uploads\/2024\/10\/invicto-picual.jpg","type":"image\/jpeg"}],"twitter_card":"summary_large_image","twitter_misc":{"Estimated reading time":"2 minutes"},"schema":{"@context":"https:\/\/schema.org","@graph":[{"@type":"WebPage","@id":"https:\/\/www.invictoaove.com\/producto\/aove-monovarietal-con-estuche-500-ml\/","url":"https:\/\/www.invictoaove.com\/producto\/aove-monovarietal-con-estuche-500-ml\/","name":"AOVE Monovarietal con estuche 500 ml - INVICTO AOVE","isPartOf":{"@id":"https:\/\/www.invictoaove.com\/#website"},"primaryImageOfPage":{"@id":"https:\/\/www.invictoaove.com\/producto\/aove-monovarietal-con-estuche-500-ml\/#primaryimage"},"image":{"@id":"https:\/\/www.invictoaove.com\/producto\/aove-monovarietal-con-estuche-500-ml\/#primaryimage"},"thumbnailUrl":"https:\/\/www.invictoaove.com\/wp-content\/uploads\/2024\/10\/invicto-picual.jpg","datePublished":"2024-10-17T08:13:03+00:00","dateModified":"2025-02-11T12:03:33+00:00","breadcrumb":{"@id":"https:\/\/www.invictoaove.com\/producto\/aove-monovarietal-con-estuche-500-ml\/#breadcrumb"},"inLanguage":"en-GB","potentialAction":[{"@type":"ReadAction","target":["https:\/\/www.invictoaove.com\/producto\/aove-monovarietal-con-estuche-500-ml\/"]}]},{"@type":"ImageObject","inLanguage":"en-GB","@id":"https:\/\/www.invictoaove.com\/producto\/aove-monovarietal-con-estuche-500-ml\/#primaryimage","url":"https:\/\/www.invictoaove.com\/wp-content\/uploads\/2024\/10\/invicto-picual.jpg","contentUrl":"https:\/\/www.invictoaove.com\/wp-content\/uploads\/2024\/10\/invicto-picual.jpg","width":1200,"height":1200},{"@type":"BreadcrumbList","@id":"https:\/\/www.invictoaove.com\/producto\/aove-monovarietal-con-estuche-500-ml\/#breadcrumb","itemListElement":[{"@type":"ListItem","position":1,"name":"Portada","item":"https:\/\/www.invictoaove.com\/"},{"@type":"ListItem","position":2,"name":"Tienda","item":"https:\/\/www.invictoaove.com\/tienda\/"},{"@type":"ListItem","position":3,"name":"AOVE Monovarietal con estuche 500 ml"}]},{"@type":"WebSite","@id":"https:\/\/www.invictoaove.com\/#website","url":"https:\/\/www.invictoaove.com\/","name":"INVICTO AOVE","description":"Extra Virgin Olive Oil","publisher":{"@id":"https:\/\/www.invictoaove.com\/#organization"},"potentialAction":[{"@type":"SearchAction","target":{"@type":"EntryPoint","urlTemplate":"https:\/\/www.invictoaove.com\/?s={search_term_string}"},"query-input":{"@type":"PropertyValueSpecification","valueRequired":true,"valueName":"search_term_string"}}],"inLanguage":"en-GB"},{"@type":"Organization","@id":"https:\/\/www.invictoaove.com\/#organization","name":"INVICTO AOVE","url":"https:\/\/www.invictoaove.com\/","logo":{"@type":"ImageObject","inLanguage":"en-GB","@id":"https:\/\/www.invictoaove.com\/#\/schema\/logo\/image\/","url":"https:\/\/www.invictoaove.com\/wp-content\/uploads\/2023\/10\/01_logo.png","contentUrl":"https:\/\/www.invictoaove.com\/wp-content\/uploads\/2023\/10\/01_logo.png","width":456,"height":151,"caption":"INVICTO AOVE"},"image":{"@id":"https:\/\/www.invictoaove.com\/#\/schema\/logo\/image\/"},"sameAs":["https:\/\/www.facebook.com\/profile.php?id=61552850260498"]}]}},"_links":{"self":[{"href":"https:\/\/www.invictoaove.com\/en\/wp-json\/wp\/v2\/product\/46201","targetHints":{"allow":["GET"]}}],"collection":[{"href":"https:\/\/www.invictoaove.com\/en\/wp-json\/wp\/v2\/product"}],"about":[{"href":"https:\/\/www.invictoaove.com\/en\/wp-json\/wp\/v2\/types\/product"}],"replies":[{"embeddable":true,"href":"https:\/\/www.invictoaove.com\/en\/wp-json\/wp\/v2\/comments?post=46201"}],"wp:featuredmedia":[{"embeddable":true,"href":"https:\/\/www.invictoaove.com\/en\/wp-json\/wp\/v2\/media\/46205"}],"wp:attachment":[{"href":"https:\/\/www.invictoaove.com\/en\/wp-json\/wp\/v2\/media?parent=46201"}],"wp:term":[{"taxonomy":"product_brand","embeddable":true,"href":"https:\/\/www.invictoaove.com\/en\/wp-json\/wp\/v2\/product_brand?post=46201"},{"taxonomy":"product_cat","embeddable":true,"href":"https:\/\/www.invictoaove.com\/en\/wp-json\/wp\/v2\/product_cat?post=46201"},{"taxonomy":"product_tag","embeddable":true,"href":"https:\/\/www.invictoaove.com\/en\/wp-json\/wp\/v2\/product_tag?post=46201"}],"curies":[{"name":"wp","href":"https:\/\/api.w.org\/{rel}","templated":true}]}}